{"id":2,"date":"2014-01-07T01:22:31","date_gmt":"2014-01-07T00:22:31","guid":{"rendered":"https:\/\/www.allwecando.net\/awcd\/?page_id=2"},"modified":"2023-07-07T17:12:51","modified_gmt":"2023-07-07T16:12:51","slug":"all-we-can-do-is-dance","status":"publish","type":"page","link":"https:\/\/www.allwecando.net\/fr\/","title":{"rendered":"All We Can Do Is Dance"},"content":{"rendered":"\n<div class=\"wp-block-group project__bloc1 col-6\"><div class=\"wp-block-group__inner-container is-layout-constrained wp-block-group-is-layout-constrained\">\n<h2 class=\"wp-block-heading\">Tout ce qu\u2019on peut faire, c\u2019est danser.<\/h2>\n\n\n\n<p class=\"l-1 r-1\">Filmer la spontan\u00e9it\u00e9 de l\u2019instant, ce qui arrive dans l\u2019ici et maintenant. L\u2019improvisation d\u2019un corps en mouvement, la cam\u00e9ra comme outil pour explorer et capter. <\/p>\n\n\n\n<p class=\"l-1 r-1\">Comme un pas de deux entre celui qui filme et celui qui danse, diffuser la magie de la danse et de la vid\u00e9o en symbiose. Chercher de nouveaux dispositifs permettant de filmer la danse et d\u2019en transmettre toutes les sensations.<\/p>\n<\/div><\/div>\n\n\n\n<div class=\"wp-block-group project__bloc2 col-5 r-1\"><div class=\"wp-block-group__inner-container is-layout-constrained wp-block-group-is-layout-constrained\">\n<p>Collaborer et cr\u00e9er des \u0153uvres \u00e0 part enti\u00e8re, retranscrire \u00e0 l\u2019image toute la puissance de la danse. Transmettre, partager l\u2019amour du mouvement au plus grand nombre. Exp\u00e9rimenter toutes formes de transmission. Questionner le monde qui nous entoure. <\/p>\n\n\n\n<div class=\"dance-arrow\"><div class=\"arrow\"><\/div><\/div>\n\n\n\n<p class=\"big-text\">Danser.<\/p>\n<\/div><\/div>\n","protected":false},"excerpt":{"rendered":"<p>Tout ce qu\u2019on peut faire, c\u2019est danser. Filmer la spontan\u00e9it\u00e9 de l\u2019instant, ce qui arrive dans l\u2019ici et maintenant. L\u2019improvisation d\u2019un corps en mouvement, la cam\u00e9ra comme outil pour explorer et capter. Comme un pas de deux entre celui qui filme et celui qui danse, diffuser la magie de la danse et de la vid\u00e9o [&hellip;]<\/p>\n","protected":false},"author":1,"featured_media":0,"parent":0,"menu_order":0,"comment_status":"closed","ping_status":"closed","template":"homepage.php","meta":{"_acf_changed":false,"footnotes":""},"class_list":["post-2","page","type-page","status-publish","hentry"],"acf":[],"yoast_head":"<!-- This site is optimized with the Yoast SEO plugin v25.3.1 - https:\/\/yoast.com\/wordpress\/plugins\/seo\/ -->\n<title>All We Can Do Is Dance - ALL WE CAN DO<\/title>\n<meta name=\"robots\" content=\"index, follow, max-snippet:-1, max-image-preview:large, max-video-preview:-1\" \/>\n<link rel=\"canonical\" href=\"https:\/\/www.allwecando.net\/fr\/\" \/>\n<meta property=\"og:locale\" content=\"fr_FR\" \/>\n<meta property=\"og:type\" content=\"article\" \/>\n<meta property=\"og:title\" content=\"All We Can Do Is Dance - ALL WE CAN DO\" \/>\n<meta property=\"og:description\" content=\"Tout ce qu\u2019on peut faire, c\u2019est danser. Filmer la spontan\u00e9it\u00e9 de l\u2019instant, ce qui arrive dans l\u2019ici et maintenant. L\u2019improvisation d\u2019un corps en mouvement, la cam\u00e9ra comme outil pour explorer et capter. Comme un pas de deux entre celui qui filme et celui qui danse, diffuser la magie de la danse et de la vid\u00e9o [&hellip;]\" \/>\n<meta property=\"og:url\" content=\"https:\/\/www.allwecando.net\/fr\/\" \/>\n<meta property=\"og:site_name\" content=\"ALL WE CAN DO\" \/>\n<meta property=\"article:modified_time\" content=\"2023-07-07T16:12:51+00:00\" \/>\n<meta name=\"twitter:card\" content=\"summary_large_image\" \/>\n<meta name=\"twitter:label1\" content=\"Dur\u00e9e de lecture estim\u00e9e\" \/>\n\t<meta name=\"twitter:data1\" content=\"1 minute\" \/>\n<script type=\"application\/ld+json\" class=\"yoast-schema-graph\">{\"@context\":\"https:\/\/schema.org\",\"@graph\":[{\"@type\":\"WebPage\",\"@id\":\"https:\/\/www.allwecando.net\/fr\/\",\"url\":\"https:\/\/www.allwecando.net\/fr\/\",\"name\":\"All We Can Do Is Dance - ALL WE CAN DO\",\"isPartOf\":{\"@id\":\"https:\/\/www.allwecando.net\/#website\"},\"datePublished\":\"2014-01-07T00:22:31+00:00\",\"dateModified\":\"2023-07-07T16:12:51+00:00\",\"breadcrumb\":{\"@id\":\"https:\/\/www.allwecando.net\/fr\/#breadcrumb\"},\"inLanguage\":\"fr-FR\",\"potentialAction\":[{\"@type\":\"ReadAction\",\"target\":[\"https:\/\/www.allwecando.net\/fr\/\"]}]},{\"@type\":\"BreadcrumbList\",\"@id\":\"https:\/\/www.allwecando.net\/fr\/#breadcrumb\",\"itemListElement\":[{\"@type\":\"ListItem\",\"position\":1,\"name\":\"Home\",\"item\":\"https:\/\/www.allwecando.net\/fr\/\"},{\"@type\":\"ListItem\",\"position\":2,\"name\":\"All We Can Do Is Dance\"}]},{\"@type\":\"WebSite\",\"@id\":\"https:\/\/www.allwecando.net\/#website\",\"url\":\"https:\/\/www.allwecando.net\/\",\"name\":\"ALL WE CAN DO\",\"description\":\"\",\"potentialAction\":[{\"@type\":\"SearchAction\",\"target\":{\"@type\":\"EntryPoint\",\"urlTemplate\":\"https:\/\/www.allwecando.net\/?s={search_term_string}\"},\"query-input\":{\"@type\":\"PropertyValueSpecification\",\"valueRequired\":true,\"valueName\":\"search_term_string\"}}],\"inLanguage\":\"fr-FR\"}]}<\/script>\n<!-- \/ Yoast SEO plugin. -->","yoast_head_json":{"title":"All We Can Do Is Dance - ALL WE CAN DO","robots":{"index":"index","follow":"follow","max-snippet":"max-snippet:-1","max-image-preview":"max-image-preview:large","max-video-preview":"max-video-preview:-1"},"canonical":"https:\/\/www.allwecando.net\/fr\/","og_locale":"fr_FR","og_type":"article","og_title":"All We Can Do Is Dance - ALL WE CAN DO","og_description":"Tout ce qu\u2019on peut faire, c\u2019est danser. Filmer la spontan\u00e9it\u00e9 de l\u2019instant, ce qui arrive dans l\u2019ici et maintenant. L\u2019improvisation d\u2019un corps en mouvement, la cam\u00e9ra comme outil pour explorer et capter. Comme un pas de deux entre celui qui filme et celui qui danse, diffuser la magie de la danse et de la vid\u00e9o [&hellip;]","og_url":"https:\/\/www.allwecando.net\/fr\/","og_site_name":"ALL WE CAN DO","article_modified_time":"2023-07-07T16:12:51+00:00","twitter_card":"summary_large_image","twitter_misc":{"Dur\u00e9e de lecture estim\u00e9e":"1 minute"},"schema":{"@context":"https:\/\/schema.org","@graph":[{"@type":"WebPage","@id":"https:\/\/www.allwecando.net\/fr\/","url":"https:\/\/www.allwecando.net\/fr\/","name":"All We Can Do Is Dance - ALL WE CAN DO","isPartOf":{"@id":"https:\/\/www.allwecando.net\/#website"},"datePublished":"2014-01-07T00:22:31+00:00","dateModified":"2023-07-07T16:12:51+00:00","breadcrumb":{"@id":"https:\/\/www.allwecando.net\/fr\/#breadcrumb"},"inLanguage":"fr-FR","potentialAction":[{"@type":"ReadAction","target":["https:\/\/www.allwecando.net\/fr\/"]}]},{"@type":"BreadcrumbList","@id":"https:\/\/www.allwecando.net\/fr\/#breadcrumb","itemListElement":[{"@type":"ListItem","position":1,"name":"Home","item":"https:\/\/www.allwecando.net\/fr\/"},{"@type":"ListItem","position":2,"name":"All We Can Do Is Dance"}]},{"@type":"WebSite","@id":"https:\/\/www.allwecando.net\/#website","url":"https:\/\/www.allwecando.net\/","name":"ALL WE CAN DO","description":"","potentialAction":[{"@type":"SearchAction","target":{"@type":"EntryPoint","urlTemplate":"https:\/\/www.allwecando.net\/?s={search_term_string}"},"query-input":{"@type":"PropertyValueSpecification","valueRequired":true,"valueName":"search_term_string"}}],"inLanguage":"fr-FR"}]}},"_links":{"self":[{"href":"https:\/\/www.allwecando.net\/fr\/wp-json\/wp\/v2\/pages\/2","targetHints":{"allow":["GET"]}}],"collection":[{"href":"https:\/\/www.allwecando.net\/fr\/wp-json\/wp\/v2\/pages"}],"about":[{"href":"https:\/\/www.allwecando.net\/fr\/wp-json\/wp\/v2\/types\/page"}],"author":[{"embeddable":true,"href":"https:\/\/www.allwecando.net\/fr\/wp-json\/wp\/v2\/users\/1"}],"replies":[{"embeddable":true,"href":"https:\/\/www.allwecando.net\/fr\/wp-json\/wp\/v2\/comments?post=2"}],"version-history":[{"count":0,"href":"https:\/\/www.allwecando.net\/fr\/wp-json\/wp\/v2\/pages\/2\/revisions"}],"wp:attachment":[{"href":"https:\/\/www.allwecando.net\/fr\/wp-json\/wp\/v2\/media?parent=2"}],"curies":[{"name":"wp","href":"https:\/\/api.w.org\/{rel}","templated":true}]}}