{"id":5157,"date":"2023-05-19T19:11:41","date_gmt":"2023-05-19T18:11:41","guid":{"rendered":"https:\/\/www.allwecando.net\/?page_id=5157"},"modified":"2023-08-26T11:08:46","modified_gmt":"2023-08-26T10:08:46","slug":"a-propos","status":"publish","type":"page","link":"https:\/\/www.allwecando.net\/fr\/a-propos\/","title":{"rendered":"\u00c0 propos"},"content":{"rendered":"\n<p>Filmer la spontan\u00e9it\u00e9 de l\u2019instant, ce qui arrive dans l\u2019ici et maintenant. L\u2019improvisation d\u2019un corps en mouvement, la cam\u00e9ra comme outil pour explorer et capter. Comme un pas de deux entre celui qui filme et celui qui danse, diffuser la magie de la danse et de la vid\u00e9o en symbiose. Chercher de nouveaux dispositifs permettant de filmer la danse et d\u2019en transmettre toutes les sensations. Collaborer et cr\u00e9er des oeuvres \u00e0 part enti\u00e8re, retranscrire \u00e0 l\u2019image toute la puissance de la danse. Transmettre, partager l\u2019amour du mouvement au plus grand nombre. Exp\u00e9rimenter toutes formes de transmission. Questionner le monde qui nous entoure. Danser.<\/p>\n\n\n\n<p>All We Can Do Is Dance \/ Tout ce qu\u2019on peut faire c\u2019est danser.<\/p>\n\n\n\n<p>Thibaut Ras, r\u00e9alisateur : Musicien, ing\u00e9nieur du son, r\u00e9gisseur, puis cr\u00e9ateur d\u2019une structure de Production et d\u2019Edition Musicale. Son parcours est riche d\u2019exp\u00e9riences vari\u00e9es. La r\u00e9alisation de clips vid\u00e9os qu\u2019il d\u00e9bute avant l\u2019\u00e2ge de 20 ans le m\u00e8ne petit \u00e0 petit \u00e0 s\u2019ouvrir sur d\u2019autres formats.&nbsp;Il aiguise ses armes en tant que chef op\u00e9rateur, monteur et m\u00eame compositeur sur plusieurs courts-m\u00e9trage. Autodidacte, il maitrise les techniques de prises de vues, de montage et de mise en lumi\u00e8re autant que la mise en sc\u00e8ne. Du clip au documentaire en passant par la fiction, ses r\u00e9alisations sont sinc\u00e8res, belles et contemporaines.<\/p>\n\n\n\n<p>Marie Pons est active dans le milieu du spectacle vivant, son activit\u00e9 oscille entre l\u2019\u00e9criture et l\u2019oralit\u00e9, la r\u00e9daction de textes, d\u2019articles, la cr\u00e9ation sonore et les collaborations artistiques. Le r\u00e9cit, la parole rapport\u00e9e, l\u2019enqu\u00eate, les paysages imaginaires et la rencontre occupent une place importante dans son travail.<br>Marie co-fonde <a href=\"https:\/\/foretnoire.net\/\" target=\"_blank\" rel=\"noreferrer noopener\">For\u00eat Noire<\/a>, association de cr\u00e9ation sonore et radiophonique en 2021 avec L\u00e9a-Ana\u00efs Machado et Pierre-Antoine Naline \u00e0 Lille. Ensemble, iels produisent plusieurs formats documentaires, dont la s\u00e9rie <a href=\"https:\/\/foretnoire.net\/?Retourner-les-pierres\" target=\"_blank\" rel=\"noreferrer noopener\">Retourner les pierres<\/a> sortie en f\u00e9vrier 2023. Marie est aussi R\u00e9dactrice en chef du journal <a href=\"https:\/\/lesdemelees.org\/\" target=\"_blank\" rel=\"noreferrer noopener\">Les D\u00e9m\u00eal\u00e9es<\/a> \u00e0 Lille depuis 2018, journal consacr\u00e9 \u00e0 la critique de danse, et elle collabore aux r\u00e9dactions de Ma Culture, Mouvement, Le journal de l\u2019ADC (Suisse), Springback Magazine (UK).<\/p>\n","protected":false},"excerpt":{"rendered":"<p>Filmer la spontan\u00e9it\u00e9 de l\u2019instant, ce qui arrive dans l\u2019ici et maintenant. L\u2019improvisation d\u2019un corps en mouvement, la cam\u00e9ra comme outil pour explorer et capter. Comme un pas de deux entre celui qui filme et celui qui danse, diffuser la magie de la danse et de la vid\u00e9o en symbiose. Chercher de nouveaux dispositifs permettant [&hellip;]<\/p>\n","protected":false},"author":1,"featured_media":0,"parent":0,"menu_order":0,"comment_status":"closed","ping_status":"closed","template":"","meta":{"_acf_changed":false,"footnotes":""},"class_list":["post-5157","page","type-page","status-publish","hentry"],"acf":[],"yoast_head":"<!-- This site is optimized with the Yoast SEO plugin v25.3.1 - https:\/\/yoast.com\/wordpress\/plugins\/seo\/ -->\n<title>\u00c0 propos - ALL WE CAN DO<\/title>\n<meta name=\"robots\" content=\"index, follow, max-snippet:-1, max-image-preview:large, max-video-preview:-1\" \/>\n<link rel=\"canonical\" href=\"https:\/\/www.allwecando.net\/fr\/a-propos\/\" \/>\n<meta property=\"og:locale\" content=\"fr_FR\" \/>\n<meta property=\"og:type\" content=\"article\" \/>\n<meta property=\"og:title\" content=\"\u00c0 propos - ALL WE CAN DO\" \/>\n<meta property=\"og:description\" content=\"Filmer la spontan\u00e9it\u00e9 de l\u2019instant, ce qui arrive dans l\u2019ici et maintenant. L\u2019improvisation d\u2019un corps en mouvement, la cam\u00e9ra comme outil pour explorer et capter. Comme un pas de deux entre celui qui filme et celui qui danse, diffuser la magie de la danse et de la vid\u00e9o en symbiose. Chercher de nouveaux dispositifs permettant [&hellip;]\" \/>\n<meta property=\"og:url\" content=\"https:\/\/www.allwecando.net\/fr\/a-propos\/\" \/>\n<meta property=\"og:site_name\" content=\"ALL WE CAN DO\" \/>\n<meta property=\"article:modified_time\" content=\"2023-08-26T10:08:46+00:00\" \/>\n<meta name=\"twitter:card\" content=\"summary_large_image\" \/>\n<meta name=\"twitter:label1\" content=\"Dur\u00e9e de lecture estim\u00e9e\" \/>\n\t<meta name=\"twitter:data1\" content=\"2 minutes\" \/>\n<script type=\"application\/ld+json\" class=\"yoast-schema-graph\">{\"@context\":\"https:\/\/schema.org\",\"@graph\":[{\"@type\":\"WebPage\",\"@id\":\"https:\/\/www.allwecando.net\/fr\/a-propos\/\",\"url\":\"https:\/\/www.allwecando.net\/fr\/a-propos\/\",\"name\":\"\u00c0 propos - ALL WE CAN DO\",\"isPartOf\":{\"@id\":\"https:\/\/www.allwecando.net\/#website\"},\"datePublished\":\"2023-05-19T18:11:41+00:00\",\"dateModified\":\"2023-08-26T10:08:46+00:00\",\"breadcrumb\":{\"@id\":\"https:\/\/www.allwecando.net\/fr\/a-propos\/#breadcrumb\"},\"inLanguage\":\"fr-FR\",\"potentialAction\":[{\"@type\":\"ReadAction\",\"target\":[\"https:\/\/www.allwecando.net\/fr\/a-propos\/\"]}]},{\"@type\":\"BreadcrumbList\",\"@id\":\"https:\/\/www.allwecando.net\/fr\/a-propos\/#breadcrumb\",\"itemListElement\":[{\"@type\":\"ListItem\",\"position\":1,\"name\":\"Home\",\"item\":\"https:\/\/www.allwecando.net\/fr\/\"},{\"@type\":\"ListItem\",\"position\":2,\"name\":\"\u00c0 propos\"}]},{\"@type\":\"WebSite\",\"@id\":\"https:\/\/www.allwecando.net\/#website\",\"url\":\"https:\/\/www.allwecando.net\/\",\"name\":\"ALL WE CAN DO\",\"description\":\"\",\"potentialAction\":[{\"@type\":\"SearchAction\",\"target\":{\"@type\":\"EntryPoint\",\"urlTemplate\":\"https:\/\/www.allwecando.net\/?s={search_term_string}\"},\"query-input\":{\"@type\":\"PropertyValueSpecification\",\"valueRequired\":true,\"valueName\":\"search_term_string\"}}],\"inLanguage\":\"fr-FR\"}]}<\/script>\n<!-- \/ Yoast SEO plugin. -->","yoast_head_json":{"title":"\u00c0 propos - ALL WE CAN DO","robots":{"index":"index","follow":"follow","max-snippet":"max-snippet:-1","max-image-preview":"max-image-preview:large","max-video-preview":"max-video-preview:-1"},"canonical":"https:\/\/www.allwecando.net\/fr\/a-propos\/","og_locale":"fr_FR","og_type":"article","og_title":"\u00c0 propos - ALL WE CAN DO","og_description":"Filmer la spontan\u00e9it\u00e9 de l\u2019instant, ce qui arrive dans l\u2019ici et maintenant. L\u2019improvisation d\u2019un corps en mouvement, la cam\u00e9ra comme outil pour explorer et capter. Comme un pas de deux entre celui qui filme et celui qui danse, diffuser la magie de la danse et de la vid\u00e9o en symbiose. Chercher de nouveaux dispositifs permettant [&hellip;]","og_url":"https:\/\/www.allwecando.net\/fr\/a-propos\/","og_site_name":"ALL WE CAN DO","article_modified_time":"2023-08-26T10:08:46+00:00","twitter_card":"summary_large_image","twitter_misc":{"Dur\u00e9e de lecture estim\u00e9e":"2 minutes"},"schema":{"@context":"https:\/\/schema.org","@graph":[{"@type":"WebPage","@id":"https:\/\/www.allwecando.net\/fr\/a-propos\/","url":"https:\/\/www.allwecando.net\/fr\/a-propos\/","name":"\u00c0 propos - ALL WE CAN DO","isPartOf":{"@id":"https:\/\/www.allwecando.net\/#website"},"datePublished":"2023-05-19T18:11:41+00:00","dateModified":"2023-08-26T10:08:46+00:00","breadcrumb":{"@id":"https:\/\/www.allwecando.net\/fr\/a-propos\/#breadcrumb"},"inLanguage":"fr-FR","potentialAction":[{"@type":"ReadAction","target":["https:\/\/www.allwecando.net\/fr\/a-propos\/"]}]},{"@type":"BreadcrumbList","@id":"https:\/\/www.allwecando.net\/fr\/a-propos\/#breadcrumb","itemListElement":[{"@type":"ListItem","position":1,"name":"Home","item":"https:\/\/www.allwecando.net\/fr\/"},{"@type":"ListItem","position":2,"name":"\u00c0 propos"}]},{"@type":"WebSite","@id":"https:\/\/www.allwecando.net\/#website","url":"https:\/\/www.allwecando.net\/","name":"ALL WE CAN DO","description":"","potentialAction":[{"@type":"SearchAction","target":{"@type":"EntryPoint","urlTemplate":"https:\/\/www.allwecando.net\/?s={search_term_string}"},"query-input":{"@type":"PropertyValueSpecification","valueRequired":true,"valueName":"search_term_string"}}],"inLanguage":"fr-FR"}]}},"_links":{"self":[{"href":"https:\/\/www.allwecando.net\/fr\/wp-json\/wp\/v2\/pages\/5157","targetHints":{"allow":["GET"]}}],"collection":[{"href":"https:\/\/www.allwecando.net\/fr\/wp-json\/wp\/v2\/pages"}],"about":[{"href":"https:\/\/www.allwecando.net\/fr\/wp-json\/wp\/v2\/types\/page"}],"author":[{"embeddable":true,"href":"https:\/\/www.allwecando.net\/fr\/wp-json\/wp\/v2\/users\/1"}],"replies":[{"embeddable":true,"href":"https:\/\/www.allwecando.net\/fr\/wp-json\/wp\/v2\/comments?post=5157"}],"version-history":[{"count":2,"href":"https:\/\/www.allwecando.net\/fr\/wp-json\/wp\/v2\/pages\/5157\/revisions"}],"predecessor-version":[{"id":5401,"href":"https:\/\/www.allwecando.net\/fr\/wp-json\/wp\/v2\/pages\/5157\/revisions\/5401"}],"wp:attachment":[{"href":"https:\/\/www.allwecando.net\/fr\/wp-json\/wp\/v2\/media?parent=5157"}],"curies":[{"name":"wp","href":"https:\/\/api.w.org\/{rel}","templated":true}]}}